{"id":206,"date":"2024-08-28T13:10:46","date_gmt":"2024-08-28T16:10:46","guid":{"rendered":"https:\/\/collabit.com.br\/?page_id=206"},"modified":"2024-09-03T09:14:26","modified_gmt":"2024-09-03T12:14:26","slug":"carreiras","status":"publish","type":"page","link":"https:\/\/collabit.com.br\/es\/carreiras\/","title":{"rendered":"Carreiras"},"content":{"rendered":"<div data-elementor-type=\"wp-page\" data-elementor-id=\"206\" class=\"elementor elementor-206\" data-elementor-post-type=\"page\">\n\t\t\t\t<div class=\"elementor-element elementor-element-940fde7 e-con-full e-flex e-con e-parent\" data-id=\"940fde7\" data-element_type=\"container\" data-settings=\"{&quot;background_background&quot;:&quot;classic&quot;}\">\n\t\t\t\t<div class=\"elementor-element elementor-element-08b5e35 elementor-absolute elementor-widget elementor-widget-heading\" data-id=\"08b5e35\" data-element_type=\"widget\" data-settings=\"{&quot;_position&quot;:&quot;absolute&quot;}\" data-widget_type=\"heading.default\">\n\t\t\t\t<div class=\"elementor-widget-container\">\n\t\t\t<h2 class=\"elementor-heading-title elementor-size-default translation-block\">Encuentra Oportunidades<br>y Transforma Su Carrera<\/h2>\t\t<\/div>\n\t\t\t\t<\/div>\n\t\t\t\t<\/div>\n\t\t<div class=\"elementor-element elementor-element-931a81d e-con-full e-flex e-con e-parent\" data-id=\"931a81d\" data-element_type=\"container\">\n\t\t<div class=\"elementor-element elementor-element-ee884ac e-flex e-con-boxed e-con e-child\" data-id=\"ee884ac\" data-element_type=\"container\">\n\t\t\t\t\t<div class=\"e-con-inner\">\n\t\t\t\t<div class=\"elementor-element elementor-element-1e3c11d elementor-widget elementor-widget-text-editor\" data-id=\"1e3c11d\" data-element_type=\"widget\" data-widget_type=\"text-editor.default\">\n\t\t\t\t<div class=\"elementor-widget-container\">\n\t\t\t\t\t\t\t<p class=\"translation-block\">\u00bfEst\u00e1s listo para dar el pr\u00f3ximo paso en su carrera?<br>Conectamos profesionales talentosos con las mejores oportunidades del mercado.<br> Seas un especialista en tecnolog\u00eda, un profesional creativo o un l\u00edder en gesti\u00f3n,<br> tenemos el espacio ideal para que brilles!<\/p>\t\t\t\t\t\t<\/div>\n\t\t\t\t<\/div>\n\t\t\t\t<div class=\"elementor-element elementor-element-cde4de7 elementor-widget elementor-widget-text-editor\" data-id=\"cde4de7\" data-element_type=\"widget\" data-widget_type=\"text-editor.default\">\n\t\t\t\t<div class=\"elementor-widget-container\">\n\t\t\t\t\t\t\t<p class=\"translation-block\">\u00a1No pierdas m\u00e1s tiempo!<br> Reg\u00edstrate ahora y dale un impulso a tu carrera.<br> Es simple, r\u00e1pido y gratis. \u00a1Completa el formulario abajo para empezar su<br> jornada rumbo al \u00e9xito profesional!<\/p>\t\t\t\t\t\t<\/div>\n\t\t\t\t<\/div>\n\t\t\t\t\t<\/div>\n\t\t\t\t<\/div>\n\t\t\t\t<\/div>\n\t\t<div class=\"elementor-element elementor-element-4ff8af3 e-con-full e-flex e-con e-parent\" data-id=\"4ff8af3\" data-element_type=\"container\">\n\t\t<div class=\"elementor-element elementor-element-0c183f8 e-flex e-con-boxed e-con e-child\" data-id=\"0c183f8\" data-element_type=\"container\">\n\t\t\t\t\t<div class=\"e-con-inner\">\n\t\t<div class=\"elementor-element elementor-element-d4416ab e-con-full e-flex e-con e-child\" data-id=\"d4416ab\" data-element_type=\"container\">\n\t\t\t\t<div class=\"elementor-element elementor-element-11ad7b9 elementor-button-align-center elementor-widget elementor-widget-form\" data-id=\"11ad7b9\" data-element_type=\"widget\" data-settings=\"{&quot;step_next_label&quot;:&quot;Pr\\u00f3ximo&quot;,&quot;step_previous_label&quot;:&quot;Anterior&quot;,&quot;button_width&quot;:&quot;100&quot;,&quot;step_type&quot;:&quot;number_text&quot;,&quot;step_icon_shape&quot;:&quot;circle&quot;}\" data-widget_type=\"form.default\">\n\t\t\t\t<div class=\"elementor-widget-container\">\n\t\t\t\t\t<form class=\"elementor-form\" method=\"post\" name=\"Formulario de Carreira\" action=\"\">\n\t\t\t<input type=\"hidden\" name=\"post_id\" value=\"206\"\/>\n\t\t\t<input type=\"hidden\" name=\"form_id\" value=\"11ad7b9\"\/>\n\t\t\t<input type=\"hidden\" name=\"referer_title\" value=\"Carreiras\" \/>\n\n\t\t\t\t\t\t\t<input type=\"hidden\" name=\"queried_id\" value=\"206\"\/>\n\t\t\t\n\t\t\t<div class=\"elementor-form-fields-wrapper elementor-labels-\">\n\t\t\t\t\t\t\t\t<div class=\"elementor-field-type-text elementor-field-group elementor-column elementor-field-group-name elementor-col-100\">\n\t\t\t\t\t\t\t\t\t\t\t\t<label for=\"form-field-name\" class=\"elementor-field-label elementor-screen-only\">\n\t\t\t\t\t\t\t\tNombre Completo\t\t\t\t\t\t\t<\/label>\n\t\t\t\t\t\t\t\t\t\t\t\t\t\t<input size=\"1\" type=\"text\" name=\"form_fields[name]\" id=\"form-field-name\" class=\"elementor-field elementor-size-md  elementor-field-textual\" placeholder=\"Nombre Completo\">\n\t\t\t\t\t\t\t\t\t\t\t<\/div>\n\t\t\t\t\t\t\t\t<div class=\"elementor-field-type-email elementor-field-group elementor-column elementor-field-group-email elementor-col-100 elementor-field-required\">\n\t\t\t\t\t\t\t\t\t\t\t\t<label for=\"form-field-email\" class=\"elementor-field-label elementor-screen-only\">\n\t\t\t\t\t\t\t\tE-mail\t\t\t\t\t\t\t<\/label>\n\t\t\t\t\t\t\t\t\t\t\t\t\t\t<input size=\"1\" type=\"email\" name=\"form_fields[email]\" id=\"form-field-email\" class=\"elementor-field elementor-size-md  elementor-field-textual\" placeholder=\"E-mail\" required=\"required\" aria-required=\"true\">\n\t\t\t\t\t\t\t\t\t\t\t<\/div>\n\t\t\t\t\t\t\t\t<div class=\"elementor-field-type-tel elementor-field-group elementor-column elementor-field-group-telefone elementor-col-100 elementor-field-required\">\n\t\t\t\t\t\t\t\t\t\t\t\t<label for=\"form-field-telefone\" class=\"elementor-field-label elementor-screen-only\">\n\t\t\t\t\t\t\t\tTel\u00e9fono\t\t\t\t\t\t\t<\/label>\n\t\t\t\t\t\t\t\t<input size=\"1\" type=\"tel\" name=\"form_fields[telefone]\" id=\"form-field-telefone\" class=\"elementor-field elementor-size-md  elementor-field-textual\" placeholder=\"Tel\u00e9fono\" required=\"required\" aria-required=\"true\" pattern=\"[0-9()#&amp;+*-=.]+\" title=\"Apenas n\u00fameros e caracteres de telefone (#, -, *, etc.) s\u00e3o aceitos.\">\n\n\t\t\t\t\t\t<\/div>\n\t\t\t\t\t\t\t\t<div class=\"elementor-field-type-url elementor-field-group elementor-column elementor-field-group-field_f39bf2c elementor-col-100 elementor-field-required\">\n\t\t\t\t\t\t\t\t\t\t\t\t<label for=\"form-field-field_f39bf2c\" class=\"elementor-field-label elementor-screen-only\">\n\t\t\t\t\t\t\t\tLinkedin\t\t\t\t\t\t\t<\/label>\n\t\t\t\t\t\t\t\t\t\t\t\t\t\t<input size=\"1\" type=\"url\" name=\"form_fields[field_f39bf2c]\" id=\"form-field-field_f39bf2c\" class=\"elementor-field elementor-size-md  elementor-field-textual\" placeholder=\"Linkedin\" required=\"required\" aria-required=\"true\">\n\t\t\t\t\t\t\t\t\t\t\t<\/div>\n\t\t\t\t\t\t\t\t<div class=\"elementor-field-type-upload elementor-field-group elementor-column elementor-field-group-arquivos elementor-col-100\">\n\t\t\t\t\t\t\t\t\t\t\t\t<label for=\"form-field-arquivos\" class=\"elementor-field-label elementor-screen-only\">\n\t\t\t\t\t\t\t\tAdicionar Arquivo\t\t\t\t\t\t\t<\/label>\n\t\t\t\t\t\t\t\t<input type=\"file\" name=\"form_fields[arquivos]\" id=\"form-field-arquivos\" class=\"elementor-field elementor-size-md  elementor-upload-field\" data-maxsize=\"2\" data-maxsize-message=\"Esse arquivo excede o tamanho m\u00e1ximo permitido.\">\n\n\t\t\t\t\t\t<\/div>\n\t\t\t\t\t\t\t\t<div class=\"elementor-field-type-acceptance elementor-field-group elementor-column elementor-field-group-aceito elementor-col-100 elementor-field-required\">\n\t\t\t\t\t\t\t<div class=\"elementor-field-subgroup\">\n\t\t\t<span class=\"elementor-field-option\">\n\t\t\t\t<input type=\"checkbox\" name=\"form_fields[aceito]\" id=\"form-field-aceito\" class=\"elementor-field elementor-size-md  elementor-acceptance-field\" required=\"required\" aria-required=\"true\">\n\t\t\t\t<label for=\"form-field-aceito\">Estoy de acuerdo con el almacenamiento y el uso de mis informaciones personales para fines de reclutamiento y selecci\u00f3n de acuerdo con la Pol\u00edtica de Privacidad de la Empresa. <\/label>\t\t\t<\/span>\n\t\t<\/div>\n\t\t\t\t\t\t<\/div>\n\t\t\t\t\t\t\t\t<div class=\"elementor-field-group elementor-column elementor-field-type-submit elementor-col-100 e-form__buttons\">\n\t\t\t\t\t<button class=\"elementor-button elementor-size-sm\" type=\"submit\">\n\t\t\t\t\t\t<span class=\"elementor-button-content-wrapper\">\n\t\t\t\t\t\t\t\t\t\t\t\t\t\t\t\t\t\t\t\t\t\t<span class=\"elementor-button-text\">ENVIAR<\/span>\n\t\t\t\t\t\t\t\t\t\t\t\t\t<\/span>\n\t\t\t\t\t<\/button>\n\t\t\t\t<\/div>\n\t\t\t<\/div>\n\t\t<input type=\"hidden\" name=\"trp-form-language\" value=\"es\"\/><\/form>\n\t\t\t\t<\/div>\n\t\t\t\t<\/div>\n\t\t\t\t<\/div>\n\t\t<div class=\"elementor-element elementor-element-75e7ff6 e-con-full e-flex e-con e-child\" data-id=\"75e7ff6\" data-element_type=\"container\">\n\t\t\t\t<div class=\"elementor-element elementor-element-8db7f5d elementor-widget elementor-widget-image\" data-id=\"8db7f5d\" data-element_type=\"widget\" data-widget_type=\"image.default\">\n\t\t\t\t<div class=\"elementor-widget-container\">\n\t\t\t\t\t\t\t\t\t\t\t\t\t<img fetchpriority=\"high\" decoding=\"async\" width=\"800\" height=\"533\" src=\"https:\/\/collabit.com.br\/wp-content\/uploads\/2024\/08\/carreiras1-1024x682.jpg\" class=\"attachment-large size-large wp-image-209\" alt=\"\" srcset=\"https:\/\/collabit.com.br\/wp-content\/uploads\/2024\/08\/carreiras1-1024x682.jpg 1024w, https:\/\/collabit.com.br\/wp-content\/uploads\/2024\/08\/carreiras1-300x200.jpg 300w, https:\/\/collabit.com.br\/wp-content\/uploads\/2024\/08\/carreiras1-768x512.jpg 768w, https:\/\/collabit.com.br\/wp-content\/uploads\/2024\/08\/carreiras1.jpg 1061w\" sizes=\"(max-width: 800px) 100vw, 800px\" \/>\t\t\t\t\t\t\t\t\t\t\t\t\t<\/div>\n\t\t\t\t<\/div>\n\t\t\t\t<\/div>\n\t\t\t\t\t<\/div>\n\t\t\t\t<\/div>\n\t\t\t\t<\/div>\n\t\t\t\t<\/div>","protected":false},"excerpt":{"rendered":"<p>Encontre Oportunidades e Transforme Sua Carreira Est\u00e1 pronto para dar o pr\u00f3ximo passo na sua carreira? N\u00f3s conectamos profissionais talentosos com as melhores oportunidades do mercado. Seja voc\u00ea um especialista em tecnologia, um profissional criativo ou um l\u00edder em gest\u00e3o, temos o espa\u00e7o ideal para voc\u00ea brilhar! N\u00e3o perca mais tempo! Cadastre-se agora e d\u00ea [&hellip;]<\/p>","protected":false},"author":2,"featured_media":0,"parent":0,"menu_order":0,"comment_status":"closed","ping_status":"closed","template":"","meta":{"footnotes":""},"class_list":["post-206","page","type-page","status-publish","hentry"],"_links":{"self":[{"href":"https:\/\/collabit.com.br\/es\/wp-json\/wp\/v2\/pages\/206"}],"collection":[{"href":"https:\/\/collabit.com.br\/es\/wp-json\/wp\/v2\/pages"}],"about":[{"href":"https:\/\/collabit.com.br\/es\/wp-json\/wp\/v2\/types\/page"}],"author":[{"embeddable":true,"href":"https:\/\/collabit.com.br\/es\/wp-json\/wp\/v2\/users\/2"}],"replies":[{"embeddable":true,"href":"https:\/\/collabit.com.br\/es\/wp-json\/wp\/v2\/comments?post=206"}],"version-history":[{"count":37,"href":"https:\/\/collabit.com.br\/es\/wp-json\/wp\/v2\/pages\/206\/revisions"}],"predecessor-version":[{"id":367,"href":"https:\/\/collabit.com.br\/es\/wp-json\/wp\/v2\/pages\/206\/revisions\/367"}],"wp:attachment":[{"href":"https:\/\/collabit.com.br\/es\/wp-json\/wp\/v2\/media?parent=206"}],"curies":[{"name":"wp","href":"https:\/\/api.w.org\/{rel}","templated":true}]}}